{"id":2848,"date":"2025-09-10T11:10:26","date_gmt":"2025-09-10T09:10:26","guid":{"rendered":"https:\/\/www.cinemamasaccio.it\/home\/?page_id=2848"},"modified":"2025-09-25T12:51:17","modified_gmt":"2025-09-25T10:51:17","slug":"settembre-ottobre-2025","status":"publish","type":"page","link":"https:\/\/www.cinemamasaccio.it\/home\/index.php\/settembre-ottobre-2025\/","title":{"rendered":"Settembre 2025"},"content":{"rendered":"\t\t<div data-elementor-type=\"wp-page\" data-elementor-id=\"2848\" class=\"elementor elementor-2848\">\n\t\t\t\t\t\t<section class=\"elementor-section elementor-top-section elementor-element elementor-element-761df6c elementor-section-boxed elementor-section-height-default elementor-section-height-default\" data-id=\"761df6c\" data-element_type=\"section\" data-e-type=\"section\">\n\t\t\t\t\t\t<div class=\"elementor-container elementor-column-gap-default\">\n\t\t\t\t\t<div class=\"elementor-column elementor-col-25 elementor-top-column elementor-element elementor-element-25b6df6\" data-id=\"25b6df6\" data-element_type=\"column\" data-e-type=\"column\">\n\t\t\t<div class=\"elementor-widget-wrap elementor-element-populated\">\n\t\t\t\t\t\t<div class=\"elementor-element elementor-element-6c309da elementor-widget elementor-widget-image\" data-id=\"6c309da\" data-element_type=\"widget\" data-e-type=\"widget\" data-widget_type=\"image.default\">\n\t\t\t\t<div class=\"elementor-widget-container\">\n\t\t\t\t\t\t\t\t\t\t\t\t\t\t\t<img fetchpriority=\"high\" decoding=\"async\" width=\"420\" height=\"525\" src=\"https:\/\/www.cinemamasaccio.it\/home\/wp-content\/uploads\/2025\/09\/locandina-I-ROSES.jpg\" class=\"attachment-large size-large wp-image-2846\" alt=\"\" srcset=\"https:\/\/www.cinemamasaccio.it\/home\/wp-content\/uploads\/2025\/09\/locandina-I-ROSES.jpg 420w, https:\/\/www.cinemamasaccio.it\/home\/wp-content\/uploads\/2025\/09\/locandina-I-ROSES-240x300.jpg 240w\" sizes=\"(max-width: 420px) 100vw, 420px\" \/>\t\t\t\t\t\t\t\t\t\t\t\t\t\t\t<\/div>\n\t\t\t\t<\/div>\n\t\t\t\t\t<\/div>\n\t\t<\/div>\n\t\t\t\t<div class=\"elementor-column elementor-col-25 elementor-top-column elementor-element elementor-element-e3d3e08\" data-id=\"e3d3e08\" data-element_type=\"column\" data-e-type=\"column\">\n\t\t\t<div class=\"elementor-widget-wrap elementor-element-populated\">\n\t\t\t\t\t\t<div class=\"elementor-element elementor-element-001e918 elementor-widget elementor-widget-heading\" data-id=\"001e918\" data-element_type=\"widget\" data-e-type=\"widget\" data-widget_type=\"heading.default\">\n\t\t\t\t<div class=\"elementor-widget-container\">\n\t\t\t\t\t<h2 class=\"elementor-heading-title elementor-size-xl\">Sabato 20 ore 21,30<br>Domenica 21<br>ore 16,30 <br>ore 21,30<\/h2>\t\t\t\t<\/div>\n\t\t\t\t<\/div>\n\t\t\t\t<div class=\"elementor-element elementor-element-a546088 elementor-button-warning elementor-align-center elementor-widget elementor-widget-button\" data-id=\"a546088\" data-element_type=\"widget\" data-e-type=\"widget\" data-widget_type=\"button.default\">\n\t\t\t\t<div class=\"elementor-widget-container\">\n\t\t\t\t\t\t\t\t\t<div class=\"elementor-button-wrapper\">\n\t\t\t\t\t<a class=\"elementor-button elementor-button-link elementor-size-md\" href=\"https:\/\/www.cinemamasaccio.it\/home\/wp-content\/uploads\/2025\/09\/I-ROSES.pdf\" target=\"_blank\">\n\t\t\t\t\t\t<span class=\"elementor-button-content-wrapper\">\n\t\t\t\t\t\t\t\t\t<span class=\"elementor-button-text\">RECENSIONE<\/span>\n\t\t\t\t\t<\/span>\n\t\t\t\t\t<\/a>\n\t\t\t\t<\/div>\n\t\t\t\t\t\t\t\t<\/div>\n\t\t\t\t<\/div>\n\t\t\t\t<div class=\"elementor-element elementor-element-790fc3b elementor-button-warning elementor-align-center elementor-widget elementor-widget-button\" data-id=\"790fc3b\" data-element_type=\"widget\" data-e-type=\"widget\" data-widget_type=\"button.default\">\n\t\t\t\t<div class=\"elementor-widget-container\">\n\t\t\t\t\t\t\t\t\t<div class=\"elementor-button-wrapper\">\n\t\t\t\t\t<a class=\"elementor-button elementor-button-link elementor-size-md\" href=\"https:\/\/youtu.be\/-e989Guut8o?si=EWgMAhmCopx8ZS32\">\n\t\t\t\t\t\t<span class=\"elementor-button-content-wrapper\">\n\t\t\t\t\t\t\t\t\t<span class=\"elementor-button-text\">TRAILER<\/span>\n\t\t\t\t\t<\/span>\n\t\t\t\t\t<\/a>\n\t\t\t\t<\/div>\n\t\t\t\t\t\t\t\t<\/div>\n\t\t\t\t<\/div>\n\t\t\t\t\t<\/div>\n\t\t<\/div>\n\t\t\t\t<div class=\"elementor-column elementor-col-25 elementor-top-column elementor-element elementor-element-38da6c2\" data-id=\"38da6c2\" data-element_type=\"column\" data-e-type=\"column\">\n\t\t\t<div class=\"elementor-widget-wrap elementor-element-populated\">\n\t\t\t\t\t\t<div class=\"elementor-element elementor-element-daf66af elementor-widget elementor-widget-image\" data-id=\"daf66af\" data-element_type=\"widget\" data-e-type=\"widget\" data-widget_type=\"image.default\">\n\t\t\t\t<div class=\"elementor-widget-container\">\n\t\t\t\t\t\t\t\t\t\t\t\t\t\t\t<img decoding=\"async\" width=\"420\" height=\"594\" src=\"https:\/\/www.cinemamasaccio.it\/home\/wp-content\/uploads\/2025\/09\/locandina-COME-TI-MUOVI.jpg\" class=\"attachment-large size-large wp-image-2843\" alt=\"\" srcset=\"https:\/\/www.cinemamasaccio.it\/home\/wp-content\/uploads\/2025\/09\/locandina-COME-TI-MUOVI.jpg 420w, https:\/\/www.cinemamasaccio.it\/home\/wp-content\/uploads\/2025\/09\/locandina-COME-TI-MUOVI-212x300.jpg 212w\" sizes=\"(max-width: 420px) 100vw, 420px\" \/>\t\t\t\t\t\t\t\t\t\t\t\t\t\t\t<\/div>\n\t\t\t\t<\/div>\n\t\t\t\t\t<\/div>\n\t\t<\/div>\n\t\t\t\t<div class=\"elementor-column elementor-col-25 elementor-top-column elementor-element elementor-element-8ef394b\" data-id=\"8ef394b\" data-element_type=\"column\" data-e-type=\"column\">\n\t\t\t<div class=\"elementor-widget-wrap elementor-element-populated\">\n\t\t\t\t\t\t<div class=\"elementor-element elementor-element-261ca40 elementor-widget elementor-widget-heading\" data-id=\"261ca40\" data-element_type=\"widget\" data-e-type=\"widget\" data-widget_type=\"heading.default\">\n\t\t\t\t<div class=\"elementor-widget-container\">\n\t\t\t\t\t<h2 class=\"elementor-heading-title elementor-size-xl\">Marted\u00ec 23 Venerd\u00ec 26<br>ore 21,30<\/h2>\t\t\t\t<\/div>\n\t\t\t\t<\/div>\n\t\t\t\t<div class=\"elementor-element elementor-element-a94b9c0 elementor-button-warning elementor-align-center elementor-widget elementor-widget-button\" data-id=\"a94b9c0\" data-element_type=\"widget\" data-e-type=\"widget\" data-widget_type=\"button.default\">\n\t\t\t\t<div class=\"elementor-widget-container\">\n\t\t\t\t\t\t\t\t\t<div class=\"elementor-button-wrapper\">\n\t\t\t\t\t<a class=\"elementor-button elementor-button-link elementor-size-md\" href=\"https:\/\/www.cinemamasaccio.it\/home\/wp-content\/uploads\/2025\/09\/COME-TI-MUOVI.pdf\" target=\"_blank\">\n\t\t\t\t\t\t<span class=\"elementor-button-content-wrapper\">\n\t\t\t\t\t\t\t\t\t<span class=\"elementor-button-text\">RECENSIONE<\/span>\n\t\t\t\t\t<\/span>\n\t\t\t\t\t<\/a>\n\t\t\t\t<\/div>\n\t\t\t\t\t\t\t\t<\/div>\n\t\t\t\t<\/div>\n\t\t\t\t<div class=\"elementor-element elementor-element-0644691 elementor-button-warning elementor-align-center elementor-widget elementor-widget-button\" data-id=\"0644691\" data-element_type=\"widget\" data-e-type=\"widget\" data-widget_type=\"button.default\">\n\t\t\t\t<div class=\"elementor-widget-container\">\n\t\t\t\t\t\t\t\t\t<div class=\"elementor-button-wrapper\">\n\t\t\t\t\t<a class=\"elementor-button elementor-button-link elementor-size-md\" href=\"https:\/\/youtu.be\/6XhE9IDWaMg?si=5VC9_hjtrlsynJ8t\">\n\t\t\t\t\t\t<span class=\"elementor-button-content-wrapper\">\n\t\t\t\t\t\t\t\t\t<span class=\"elementor-button-text\">TRAILER<\/span>\n\t\t\t\t\t<\/span>\n\t\t\t\t\t<\/a>\n\t\t\t\t<\/div>\n\t\t\t\t\t\t\t\t<\/div>\n\t\t\t\t<\/div>\n\t\t\t\t\t<\/div>\n\t\t<\/div>\n\t\t\t\t\t<\/div>\n\t\t<\/section>\n\t\t\t\t<section class=\"elementor-section elementor-top-section elementor-element elementor-element-3c63d38 elementor-section-boxed elementor-section-height-default elementor-section-height-default\" data-id=\"3c63d38\" data-element_type=\"section\" data-e-type=\"section\">\n\t\t\t\t\t\t<div class=\"elementor-container elementor-column-gap-default\">\n\t\t\t\t\t<div class=\"elementor-column elementor-col-25 elementor-top-column elementor-element elementor-element-917076d\" data-id=\"917076d\" data-element_type=\"column\" data-e-type=\"column\">\n\t\t\t<div class=\"elementor-widget-wrap elementor-element-populated\">\n\t\t\t\t\t\t<div class=\"elementor-element elementor-element-ba5d7af elementor-widget elementor-widget-image\" data-id=\"ba5d7af\" data-element_type=\"widget\" data-e-type=\"widget\" data-widget_type=\"image.default\">\n\t\t\t\t<div class=\"elementor-widget-container\">\n\t\t\t\t\t\t\t\t\t\t\t\t\t\t\t<img decoding=\"async\" width=\"420\" height=\"600\" src=\"https:\/\/www.cinemamasaccio.it\/home\/wp-content\/uploads\/2025\/09\/locandinaELISA.jpg\" class=\"attachment-large size-large wp-image-2847\" alt=\"\" srcset=\"https:\/\/www.cinemamasaccio.it\/home\/wp-content\/uploads\/2025\/09\/locandinaELISA.jpg 420w, https:\/\/www.cinemamasaccio.it\/home\/wp-content\/uploads\/2025\/09\/locandinaELISA-210x300.jpg 210w\" sizes=\"(max-width: 420px) 100vw, 420px\" \/>\t\t\t\t\t\t\t\t\t\t\t\t\t\t\t<\/div>\n\t\t\t\t<\/div>\n\t\t\t\t\t<\/div>\n\t\t<\/div>\n\t\t\t\t<div class=\"elementor-column elementor-col-25 elementor-top-column elementor-element elementor-element-f8981fd\" data-id=\"f8981fd\" data-element_type=\"column\" data-e-type=\"column\">\n\t\t\t<div class=\"elementor-widget-wrap elementor-element-populated\">\n\t\t\t\t\t\t<div class=\"elementor-element elementor-element-73be8a9 elementor-widget elementor-widget-heading\" data-id=\"73be8a9\" data-element_type=\"widget\" data-e-type=\"widget\" data-widget_type=\"heading.default\">\n\t\t\t\t<div class=\"elementor-widget-container\">\n\t\t\t\t\t<h2 class=\"elementor-heading-title elementor-size-xl\">Sabato 27 ore 21,30<br>Domenica 28<br>ore 16,30 ore 21,30<\/h2>\t\t\t\t<\/div>\n\t\t\t\t<\/div>\n\t\t\t\t<div class=\"elementor-element elementor-element-5abde7a elementor-button-warning elementor-align-center elementor-widget elementor-widget-button\" data-id=\"5abde7a\" data-element_type=\"widget\" data-e-type=\"widget\" data-widget_type=\"button.default\">\n\t\t\t\t<div class=\"elementor-widget-container\">\n\t\t\t\t\t\t\t\t\t<div class=\"elementor-button-wrapper\">\n\t\t\t\t\t<a class=\"elementor-button elementor-button-link elementor-size-md\" href=\"https:\/\/www.cinemamasaccio.it\/home\/wp-content\/uploads\/2025\/09\/ELISA.pdf\" target=\"_blank\">\n\t\t\t\t\t\t<span class=\"elementor-button-content-wrapper\">\n\t\t\t\t\t\t\t\t\t<span class=\"elementor-button-text\">RECENSIONE<\/span>\n\t\t\t\t\t<\/span>\n\t\t\t\t\t<\/a>\n\t\t\t\t<\/div>\n\t\t\t\t\t\t\t\t<\/div>\n\t\t\t\t<\/div>\n\t\t\t\t<div class=\"elementor-element elementor-element-76bb5ab elementor-button-warning elementor-align-center elementor-widget elementor-widget-button\" data-id=\"76bb5ab\" data-element_type=\"widget\" data-e-type=\"widget\" data-widget_type=\"button.default\">\n\t\t\t\t<div class=\"elementor-widget-container\">\n\t\t\t\t\t\t\t\t\t<div class=\"elementor-button-wrapper\">\n\t\t\t\t\t<a class=\"elementor-button elementor-button-link elementor-size-md\" href=\"https:\/\/youtu.be\/-UASRNupZ60?si=XhrwOSY2kzNpCGPe\">\n\t\t\t\t\t\t<span class=\"elementor-button-content-wrapper\">\n\t\t\t\t\t\t\t\t\t<span class=\"elementor-button-text\">TRAILER<\/span>\n\t\t\t\t\t<\/span>\n\t\t\t\t\t<\/a>\n\t\t\t\t<\/div>\n\t\t\t\t\t\t\t\t<\/div>\n\t\t\t\t<\/div>\n\t\t\t\t\t<\/div>\n\t\t<\/div>\n\t\t\t\t<div class=\"elementor-column elementor-col-25 elementor-top-column elementor-element elementor-element-84b0be5\" data-id=\"84b0be5\" data-element_type=\"column\" data-e-type=\"column\">\n\t\t\t<div class=\"elementor-widget-wrap elementor-element-populated\">\n\t\t\t\t\t\t<div class=\"elementor-element elementor-element-de13221 elementor-widget elementor-widget-image\" data-id=\"de13221\" data-element_type=\"widget\" data-e-type=\"widget\" data-widget_type=\"image.default\">\n\t\t\t\t<div class=\"elementor-widget-container\">\n\t\t\t\t\t\t\t\t\t\t\t\t\t\t\t<img loading=\"lazy\" decoding=\"async\" width=\"420\" height=\"588\" src=\"https:\/\/www.cinemamasaccio.it\/home\/wp-content\/uploads\/2025\/09\/locandina-ENZO.jpg\" class=\"attachment-large size-large wp-image-2845\" alt=\"\" srcset=\"https:\/\/www.cinemamasaccio.it\/home\/wp-content\/uploads\/2025\/09\/locandina-ENZO.jpg 420w, https:\/\/www.cinemamasaccio.it\/home\/wp-content\/uploads\/2025\/09\/locandina-ENZO-214x300.jpg 214w\" sizes=\"(max-width: 420px) 100vw, 420px\" \/>\t\t\t\t\t\t\t\t\t\t\t\t\t\t\t<\/div>\n\t\t\t\t<\/div>\n\t\t\t\t\t<\/div>\n\t\t<\/div>\n\t\t\t\t<div class=\"elementor-column elementor-col-25 elementor-top-column elementor-element elementor-element-8724c73\" data-id=\"8724c73\" data-element_type=\"column\" data-e-type=\"column\">\n\t\t\t<div class=\"elementor-widget-wrap elementor-element-populated\">\n\t\t\t\t\t\t<div class=\"elementor-element elementor-element-79ebe32 elementor-widget elementor-widget-heading\" data-id=\"79ebe32\" data-element_type=\"widget\" data-e-type=\"widget\" data-widget_type=\"heading.default\">\n\t\t\t\t<div class=\"elementor-widget-container\">\n\t\t\t\t\t<h2 class=\"elementor-heading-title elementor-size-xl\">Marted\u00ec 30 Venerd\u00ec 3\/10<br>ore 21,30<\/h2>\t\t\t\t<\/div>\n\t\t\t\t<\/div>\n\t\t\t\t<div class=\"elementor-element elementor-element-273f7fb elementor-button-warning elementor-align-center elementor-widget elementor-widget-button\" data-id=\"273f7fb\" data-element_type=\"widget\" data-e-type=\"widget\" data-widget_type=\"button.default\">\n\t\t\t\t<div class=\"elementor-widget-container\">\n\t\t\t\t\t\t\t\t\t<div class=\"elementor-button-wrapper\">\n\t\t\t\t\t<a class=\"elementor-button elementor-button-link elementor-size-md\" href=\"https:\/\/www.cinemamasaccio.it\/home\/wp-content\/uploads\/2025\/09\/ENZO.pdf\" target=\"_blank\">\n\t\t\t\t\t\t<span class=\"elementor-button-content-wrapper\">\n\t\t\t\t\t\t\t\t\t<span class=\"elementor-button-text\">RECENSIONE<\/span>\n\t\t\t\t\t<\/span>\n\t\t\t\t\t<\/a>\n\t\t\t\t<\/div>\n\t\t\t\t\t\t\t\t<\/div>\n\t\t\t\t<\/div>\n\t\t\t\t<div class=\"elementor-element elementor-element-1ed2008 elementor-button-warning elementor-align-center elementor-widget elementor-widget-button\" data-id=\"1ed2008\" data-element_type=\"widget\" data-e-type=\"widget\" data-widget_type=\"button.default\">\n\t\t\t\t<div class=\"elementor-widget-container\">\n\t\t\t\t\t\t\t\t\t<div class=\"elementor-button-wrapper\">\n\t\t\t\t\t<a class=\"elementor-button elementor-button-link elementor-size-md\" href=\"https:\/\/youtu.be\/9D3zLu_zliw?si=s3kAjKEgkUIftEoh\">\n\t\t\t\t\t\t<span class=\"elementor-button-content-wrapper\">\n\t\t\t\t\t\t\t\t\t<span class=\"elementor-button-text\">TRAILER<\/span>\n\t\t\t\t\t<\/span>\n\t\t\t\t\t<\/a>\n\t\t\t\t<\/div>\n\t\t\t\t\t\t\t\t<\/div>\n\t\t\t\t<\/div>\n\t\t\t\t\t<\/div>\n\t\t<\/div>\n\t\t\t\t\t<\/div>\n\t\t<\/section>\n\t\t\t\t<section class=\"elementor-section elementor-top-section elementor-element elementor-element-ab82ea5 elementor-section-boxed elementor-section-height-default elementor-section-height-default\" data-id=\"ab82ea5\" data-element_type=\"section\" data-e-type=\"section\">\n\t\t\t\t\t\t<div class=\"elementor-container elementor-column-gap-default\">\n\t\t\t\t\t<div class=\"elementor-column elementor-col-33 elementor-top-column elementor-element elementor-element-83f26ff\" data-id=\"83f26ff\" data-element_type=\"column\" data-e-type=\"column\">\n\t\t\t<div class=\"elementor-widget-wrap elementor-element-populated\">\n\t\t\t\t\t\t<div class=\"elementor-element elementor-element-3e3420c elementor-widget elementor-widget-image\" data-id=\"3e3420c\" data-element_type=\"widget\" data-e-type=\"widget\" data-widget_type=\"image.default\">\n\t\t\t\t<div class=\"elementor-widget-container\">\n\t\t\t\t\t\t\t\t\t\t\t\t\t\t\t<img loading=\"lazy\" decoding=\"async\" width=\"420\" height=\"600\" src=\"https:\/\/www.cinemamasaccio.it\/home\/wp-content\/uploads\/2025\/09\/locandina-DUSE.jpg\" class=\"attachment-large size-large wp-image-2844\" alt=\"\" srcset=\"https:\/\/www.cinemamasaccio.it\/home\/wp-content\/uploads\/2025\/09\/locandina-DUSE.jpg 420w, https:\/\/www.cinemamasaccio.it\/home\/wp-content\/uploads\/2025\/09\/locandina-DUSE-210x300.jpg 210w\" sizes=\"(max-width: 420px) 100vw, 420px\" \/>\t\t\t\t\t\t\t\t\t\t\t\t\t\t\t<\/div>\n\t\t\t\t<\/div>\n\t\t\t\t\t<\/div>\n\t\t<\/div>\n\t\t\t\t<div class=\"elementor-column elementor-col-33 elementor-top-column elementor-element elementor-element-9674abd\" data-id=\"9674abd\" data-element_type=\"column\" data-e-type=\"column\">\n\t\t\t<div class=\"elementor-widget-wrap elementor-element-populated\">\n\t\t\t\t\t\t<div class=\"elementor-element elementor-element-b64bee4 elementor-widget elementor-widget-heading\" data-id=\"b64bee4\" data-element_type=\"widget\" data-e-type=\"widget\" data-widget_type=\"heading.default\">\n\t\t\t\t<div class=\"elementor-widget-container\">\n\t\t\t\t\t<h2 class=\"elementor-heading-title elementor-size-xl\">Sabato 4\/10<br>ore 21,30<br>Domenica 5\/10<br>ore 16,30<br>ore 21,30<\/h2>\t\t\t\t<\/div>\n\t\t\t\t<\/div>\n\t\t\t\t<div class=\"elementor-element elementor-element-906d5f6 elementor-button-warning elementor-align-center elementor-widget elementor-widget-button\" data-id=\"906d5f6\" data-element_type=\"widget\" data-e-type=\"widget\" data-widget_type=\"button.default\">\n\t\t\t\t<div class=\"elementor-widget-container\">\n\t\t\t\t\t\t\t\t\t<div class=\"elementor-button-wrapper\">\n\t\t\t\t\t<a class=\"elementor-button elementor-button-link elementor-size-md\" href=\"https:\/\/www.cinemamasaccio.it\/home\/wp-content\/uploads\/2025\/09\/DUSE.pdf\" target=\"_blank\">\n\t\t\t\t\t\t<span class=\"elementor-button-content-wrapper\">\n\t\t\t\t\t\t\t\t\t<span class=\"elementor-button-text\">RECENSIONE<\/span>\n\t\t\t\t\t<\/span>\n\t\t\t\t\t<\/a>\n\t\t\t\t<\/div>\n\t\t\t\t\t\t\t\t<\/div>\n\t\t\t\t<\/div>\n\t\t\t\t<div class=\"elementor-element elementor-element-6a15149 elementor-button-warning elementor-align-center elementor-widget elementor-widget-button\" data-id=\"6a15149\" data-element_type=\"widget\" data-e-type=\"widget\" data-widget_type=\"button.default\">\n\t\t\t\t<div class=\"elementor-widget-container\">\n\t\t\t\t\t\t\t\t\t<div class=\"elementor-button-wrapper\">\n\t\t\t\t\t<a class=\"elementor-button elementor-button-link elementor-size-md\" href=\"https:\/\/youtu.be\/atWVdDj5DLc?si=xXWkgLRyanVnA9p1\">\n\t\t\t\t\t\t<span class=\"elementor-button-content-wrapper\">\n\t\t\t\t\t\t\t\t\t<span class=\"elementor-button-text\">TRAILER<\/span>\n\t\t\t\t\t<\/span>\n\t\t\t\t\t<\/a>\n\t\t\t\t<\/div>\n\t\t\t\t\t\t\t\t<\/div>\n\t\t\t\t<\/div>\n\t\t\t\t\t<\/div>\n\t\t<\/div>\n\t\t\t\t<div class=\"elementor-column elementor-col-33 elementor-top-column elementor-element elementor-element-18a71c0\" data-id=\"18a71c0\" data-element_type=\"column\" data-e-type=\"column\">\n\t\t\t<div class=\"elementor-widget-wrap elementor-element-populated\">\n\t\t\t\t\t\t<div class=\"elementor-element elementor-element-722d07f elementor-widget elementor-widget-image\" data-id=\"722d07f\" data-element_type=\"widget\" data-e-type=\"widget\" data-widget_type=\"image.default\">\n\t\t\t\t<div class=\"elementor-widget-container\">\n\t\t\t\t\t\t\t\t\t\t\t\t\t\t\t\t<a href=\"https:\/\/www.cinemamasaccio.it\/home\/wp-content\/uploads\/2025\/09\/VALDARNO-FILM-FESTIVAL.jpg\">\n\t\t\t\t\t\t\t<img loading=\"lazy\" decoding=\"async\" width=\"640\" height=\"914\" src=\"https:\/\/www.cinemamasaccio.it\/home\/wp-content\/uploads\/2025\/09\/VALDARNO-FILM-FESTIVAL-717x1024.jpg\" class=\"attachment-large size-large wp-image-2850\" alt=\"\" srcset=\"https:\/\/www.cinemamasaccio.it\/home\/wp-content\/uploads\/2025\/09\/VALDARNO-FILM-FESTIVAL-717x1024.jpg 717w, https:\/\/www.cinemamasaccio.it\/home\/wp-content\/uploads\/2025\/09\/VALDARNO-FILM-FESTIVAL-210x300.jpg 210w, https:\/\/www.cinemamasaccio.it\/home\/wp-content\/uploads\/2025\/09\/VALDARNO-FILM-FESTIVAL-768x1098.jpg 768w, https:\/\/www.cinemamasaccio.it\/home\/wp-content\/uploads\/2025\/09\/VALDARNO-FILM-FESTIVAL-1075x1536.jpg 1075w, https:\/\/www.cinemamasaccio.it\/home\/wp-content\/uploads\/2025\/09\/VALDARNO-FILM-FESTIVAL.jpg 1433w\" sizes=\"(max-width: 640px) 100vw, 640px\" \/>\t\t\t\t\t\t\t\t<\/a>\n\t\t\t\t\t\t\t\t\t\t\t\t\t\t\t<\/div>\n\t\t\t\t<\/div>\n\t\t\t\t\t<\/div>\n\t\t<\/div>\n\t\t\t\t\t<\/div>\n\t\t<\/section>\n\t\t\t\t<section class=\"elementor-section elementor-top-section elementor-element elementor-element-9310f0b elementor-section-boxed elementor-section-height-default elementor-section-height-default\" data-id=\"9310f0b\" data-element_type=\"section\" data-e-type=\"section\">\n\t\t\t\t\t\t<div class=\"elementor-container elementor-column-gap-default\">\n\t\t\t\t\t<div class=\"elementor-column elementor-col-50 elementor-top-column elementor-element elementor-element-acf4132\" data-id=\"acf4132\" data-element_type=\"column\" data-e-type=\"column\">\n\t\t\t<div class=\"elementor-widget-wrap elementor-element-populated\">\n\t\t\t\t\t\t<div class=\"elementor-element elementor-element-81a5ec6 elementor-widget elementor-widget-heading\" data-id=\"81a5ec6\" data-element_type=\"widget\" data-e-type=\"widget\" data-widget_type=\"heading.default\">\n\t\t\t\t<div class=\"elementor-widget-container\">\n\t\t\t\t\t<h3 class=\"elementor-heading-title elementor-size-default\"><br><br><br>Cinema Teatro Masaccio<br>Via Borsi, 3<br>52027 San Giovanni Valdarno (AR)<br>cineclub.sgv@gmail.com <br>TEL. 055 945189<\/h3>\t\t\t\t<\/div>\n\t\t\t\t<\/div>\n\t\t\t\t\t<\/div>\n\t\t<\/div>\n\t\t\t\t<div class=\"elementor-column elementor-col-50 elementor-top-column elementor-element elementor-element-9a327f1\" data-id=\"9a327f1\" data-element_type=\"column\" data-e-type=\"column\">\n\t\t\t<div class=\"elementor-widget-wrap elementor-element-populated\">\n\t\t\t\t\t\t<div class=\"elementor-element elementor-element-b53075b elementor-widget elementor-widget-image\" data-id=\"b53075b\" data-element_type=\"widget\" data-e-type=\"widget\" data-widget_type=\"image.default\">\n\t\t\t\t<div class=\"elementor-widget-container\">\n\t\t\t\t\t\t\t\t\t\t\t\t\t\t\t<img loading=\"lazy\" decoding=\"async\" width=\"640\" height=\"336\" src=\"https:\/\/www.cinemamasaccio.it\/home\/wp-content\/uploads\/2023\/03\/EUROPACINEMASCREATIVE-Logo_Blue-1-1024x538.jpg\" class=\"attachment-large size-large wp-image-1235\" alt=\"\" srcset=\"https:\/\/www.cinemamasaccio.it\/home\/wp-content\/uploads\/2023\/03\/EUROPACINEMASCREATIVE-Logo_Blue-1-1024x538.jpg 1024w, https:\/\/www.cinemamasaccio.it\/home\/wp-content\/uploads\/2023\/03\/EUROPACINEMASCREATIVE-Logo_Blue-1-300x158.jpg 300w, https:\/\/www.cinemamasaccio.it\/home\/wp-content\/uploads\/2023\/03\/EUROPACINEMASCREATIVE-Logo_Blue-1-768x404.jpg 768w, https:\/\/www.cinemamasaccio.it\/home\/wp-content\/uploads\/2023\/03\/EUROPACINEMASCREATIVE-Logo_Blue-1-1536x807.jpg 1536w, https:\/\/www.cinemamasaccio.it\/home\/wp-content\/uploads\/2023\/03\/EUROPACINEMASCREATIVE-Logo_Blue-1-2048x1077.jpg 2048w\" sizes=\"(max-width: 640px) 100vw, 640px\" \/>\t\t\t\t\t\t\t\t\t\t\t\t\t\t\t<\/div>\n\t\t\t\t<\/div>\n\t\t\t\t\t<\/div>\n\t\t<\/div>\n\t\t\t\t\t<\/div>\n\t\t<\/section>\n\t\t\t\t<section class=\"elementor-section elementor-top-section elementor-element elementor-element-59fc94e elementor-section-boxed elementor-section-height-default elementor-section-height-default\" data-id=\"59fc94e\" data-element_type=\"section\" data-e-type=\"section\">\n\t\t\t\t\t\t<div class=\"elementor-container elementor-column-gap-default\">\n\t\t\t\t\t<div class=\"elementor-column elementor-col-100 elementor-top-column elementor-element elementor-element-2290ba9\" data-id=\"2290ba9\" data-element_type=\"column\" data-e-type=\"column\">\n\t\t\t<div class=\"elementor-widget-wrap\">\n\t\t\t\t\t\t\t<\/div>\n\t\t<\/div>\n\t\t\t\t\t<\/div>\n\t\t<\/section>\n\t\t\t\t<\/div>\n\t\t","protected":false},"excerpt":{"rendered":"<p>Sabato 20 ore 21,30Domenica 21ore 16,30 ore 21,30 RECENSIONE TRAILER Marted\u00ec 23 Venerd\u00ec 26ore 21,30 RECENSIONE TRAILER Sabato 27 ore 21,30Domenica 28ore 16,30 ore 21,30 RECENSIONE TRAILER Marted\u00ec 30 Venerd\u00ec 3\/10ore 21,30 RECENSIONE TRAILER Sabato 4\/10ore 21,30Domenica 5\/10ore 16,30ore 21,30 RECENSIONE TRAILER Cinema Teatro MasaccioVia Borsi, 352027 San Giovanni Valdarno (AR)cineclub.sgv@gmail.com TEL. 055 945189<\/p>\n","protected":false},"author":1,"featured_media":0,"parent":0,"menu_order":0,"comment_status":"closed","ping_status":"closed","template":"","meta":{"footnotes":""},"class_list":["post-2848","page","type-page","status-publish","hentry"],"_links":{"self":[{"href":"https:\/\/www.cinemamasaccio.it\/home\/index.php\/wp-json\/wp\/v2\/pages\/2848","targetHints":{"allow":["GET"]}}],"collection":[{"href":"https:\/\/www.cinemamasaccio.it\/home\/index.php\/wp-json\/wp\/v2\/pages"}],"about":[{"href":"https:\/\/www.cinemamasaccio.it\/home\/index.php\/wp-json\/wp\/v2\/types\/page"}],"author":[{"embeddable":true,"href":"https:\/\/www.cinemamasaccio.it\/home\/index.php\/wp-json\/wp\/v2\/users\/1"}],"replies":[{"embeddable":true,"href":"https:\/\/www.cinemamasaccio.it\/home\/index.php\/wp-json\/wp\/v2\/comments?post=2848"}],"version-history":[{"count":6,"href":"https:\/\/www.cinemamasaccio.it\/home\/index.php\/wp-json\/wp\/v2\/pages\/2848\/revisions"}],"predecessor-version":[{"id":2870,"href":"https:\/\/www.cinemamasaccio.it\/home\/index.php\/wp-json\/wp\/v2\/pages\/2848\/revisions\/2870"}],"wp:attachment":[{"href":"https:\/\/www.cinemamasaccio.it\/home\/index.php\/wp-json\/wp\/v2\/media?parent=2848"}],"curies":[{"name":"wp","href":"https:\/\/api.w.org\/{rel}","templated":true}]}}